{"id":79,"date":"2020-12-14T16:06:35","date_gmt":"2020-12-14T16:06:35","guid":{"rendered":"https:\/\/nothingchangeduntilfaced.com\/?page_id=79"},"modified":"2020-12-14T16:06:35","modified_gmt":"2020-12-14T16:06:35","slug":"sign-letter","status":"publish","type":"page","link":"https:\/\/nothingchangeduntilfaced.com\/de\/sign-letter\/","title":{"rendered":"Sign Letter"},"content":{"rendered":"\n                <div class='gf_browser_gecko gform_wrapper' id='gform_wrapper_1' ><form method='post' enctype='multipart\/form-data'  id='gform_1'  action='\/de\/wp-json\/wp\/v2\/pages\/79'>\n                        <div class='gform_body'><ul id='gform_fields_1' class='gform_fields top_label form_sublabel_below description_below'><li id='field_1_5'  class='gfield gfield_html gfield_html_formatted gfield_no_follows_desc field_sublabel_below field_description_below gfield_visibility_visible' >Um die Integrit\u00e4t dieses offenen Briefs zu gew\u00e4hrleisten, k\u00f6nnen wir Ihre Unterschrift nur hinzuf\u00fcgen, wenn Sie alle unten stehenden Felder vollst\u00e4ndig ausf\u00fcllen. Bitte geben Sie Ihren vollst\u00e4ndigen Vor- und Nachnamen, Ihren Beruf und\/oder institutionelle Zugeh\u00f6rigkeit sowie Ihre Stadt an. Unvollst\u00e4ndige Unterzeichnungen werden nicht hinzugef\u00fcgt.<\/li><li id='field_1_1'  class='gfield gfield_contains_required field_sublabel_below field_description_below gfield_visibility_visible' ><label class='gfield_label gfield_label_before_complex'  >Name<span class='gfield_required'>*<\/span><\/label><div class='ginput_complex ginput_container no_prefix has_first_name no_middle_name has_last_name no_suffix gf_name_has_2 ginput_container_name' id='input_1_1'>\n                            \n                            <span id='input_1_1_3_container' class='name_first' >\n                                                    <input type='text' name='input_1.3' id='input_1_1_3' value='' aria-label='Vorname'   aria-required=\"true\" aria-invalid=\"false\" \/>\n                                                    <label for='input_1_1_3' >Vorname<\/label>\n                                                <\/span>\n                            \n                            <span id='input_1_1_6_container' class='name_last' >\n                                                    <input type='text' name='input_1.6' id='input_1_1_6' value='' aria-label='Nachname'   aria-required=\"true\" aria-invalid=\"false\" \/>\n                                                    <label for='input_1_1_6' >Nachname<\/label>\n                                                <\/span>\n                            \n                        <\/div><\/li><li id='field_1_2'  class='gfield gfield_contains_required field_sublabel_below field_description_below gfield_visibility_visible' ><label class='gfield_label' for='input_1_2' >Email<span class='gfield_required'>*<\/span><\/label><div class='ginput_container ginput_container_email'>\n                            <input name='input_2' id='input_1_2' type='text' value='' class='large'    aria-required=\"true\" aria-invalid=\"false\" \/>\n                        <\/div><\/li><li id='field_1_3'  class='gfield gfield_contains_required field_sublabel_below field_description_below gfield_visibility_visible' ><label class='gfield_label' for='input_1_3' >Position (z.B. K\u00fcnstler*in, Schriftsteller*in, Schauspieler*in und\/oder institutionelle Zugeh\u00f6rigkeit)<span class='gfield_required'>*<\/span><\/label><div class='ginput_container ginput_container_text'><input name='input_3' id='input_1_3' type='text' value='' class='large' maxlength='115'    aria-required=\"true\" aria-invalid=\"false\" \/><\/div><\/li><li id='field_1_4'  class='gfield gfield_contains_required field_sublabel_below field_description_below gfield_visibility_visible' ><label class='gfield_label' for='input_1_4' >Stadt<span class='gfield_required'>*<\/span><\/label><div class='ginput_container ginput_container_text'><input name='input_4' id='input_1_4' type='text' value='' class='large'     aria-required=\"true\" aria-invalid=\"false\" \/><\/div><\/li>\n                            <\/ul><\/div>\n        <div class='gform_footer top_label'> <input type='submit' id='gform_submit_button_1' class='gform_button button' value='Absenden'  onclick='if(window[\"gf_submitting_1\"]){return false;}  window[\"gf_submitting_1\"]=true;  ' onkeypress='if( event.keyCode == 13 ){ if(window[\"gf_submitting_1\"]){return false;} window[\"gf_submitting_1\"]=true;  jQuery(\"#gform_1\").trigger(\"submit\",[true]); }' \/> \n            <input type='hidden' class='gform_hidden' name='is_submit_1' value='1' \/>\n            <input type='hidden' class='gform_hidden' name='gform_submit' value='1' \/>\n            \n            <input type='hidden' class='gform_hidden' name='gform_unique_id' value='' \/>\n            <input type='hidden' class='gform_hidden' name='state_1' value='WyJbXSIsImFmNDgyZWExZTNlZTY1NzI0ZmJlZTljMzhiN2JlZDM5Il0=' \/>\n            <input type='hidden' class='gform_hidden' name='gform_target_page_number_1' id='gform_target_page_number_1' value='0' \/>\n            <input type='hidden' class='gform_hidden' name='gform_source_page_number_1' id='gform_source_page_number_1' value='1' \/>\n            <input type='hidden' name='gform_field_values' value='' \/>\n            \n        <\/div>\n                        <\/form>\n                        <\/div><script type='text\/javascript'> jQuery(document).bind('gform_post_render', function(event, formId, currentPage){if(formId == 1) {if(!jQuery('#input_1_3+.ginput_counter').length){jQuery('#input_1_3').textareaCount(    {'maxCharacterSize': 115,    'originalStyle': 'ginput_counter',\t 'truncate': true,\t 'errorStyle' : '',    'displayFormat' : '#input von #max Max. Zeichenanzahl'    });jQuery('input_1_3').next('.ginput_counter').attr('aria-live','polite');}} } );jQuery(document).bind('gform_post_conditional_logic', function(event, formId, fields, isInit){} );<\/script><script type='text\/javascript'> jQuery(document).ready(function(){jQuery(document).trigger('gform_post_render', [1, 1]) } ); <\/script>","protected":false},"excerpt":{"rendered":"","protected":false},"author":1,"featured_media":0,"parent":0,"menu_order":0,"comment_status":"closed","ping_status":"closed","template":"","meta":[],"yoast_head":"<!-- This site is optimized with the Yoast SEO plugin v15.5 - https:\/\/yoast.com\/wordpress\/plugins\/seo\/ -->\n<title>Sign Letter | Nothing Changed Until Faced<\/title>\n<meta name=\"robots\" content=\"index, follow, max-snippet:-1, max-image-preview:large, max-video-preview:-1\" \/>\n<link rel=\"canonical\" href=\"https:\/\/nothingchangeduntilfaced.com\/de\/sign-letter\/\" \/>\n<meta property=\"og:locale\" content=\"de_DE\" \/>\n<meta property=\"og:type\" content=\"article\" \/>\n<meta property=\"og:title\" content=\"Sign Letter | Nothing Changed Until Faced\" \/>\n<meta property=\"og:url\" content=\"https:\/\/nothingchangeduntilfaced.com\/de\/sign-letter\/\" \/>\n<meta property=\"og:site_name\" content=\"Nothing Changed Until Faced\" \/>\n<meta property=\"og:image\" content=\"https:\/\/nothingchangeduntilfaced.com\/wp-content\/uploads\/2020\/12\/nothing_og1.jpg\" \/>\n\t<meta property=\"og:image:width\" content=\"1200\" \/>\n\t<meta property=\"og:image:height\" content=\"630\" \/>\n<meta name=\"twitter:card\" content=\"summary_large_image\" \/>\n<meta name=\"twitter:label1\" content=\"Gesch\u00e4tzte Lesezeit\">\n\t<meta name=\"twitter:data1\" content=\"0\u00a0Minuten\">\n<script type=\"application\/ld+json\" class=\"yoast-schema-graph\">{\"@context\":\"https:\/\/schema.org\",\"@graph\":[{\"@type\":\"Organization\",\"@id\":\"https:\/\/nothingchangeduntilfaced.com\/de\/#organization\",\"name\":\"Nothing Changed Until Faced\",\"url\":\"https:\/\/nothingchangeduntilfaced.com\/de\/\",\"sameAs\":[],\"logo\":{\"@type\":\"ImageObject\",\"@id\":\"https:\/\/nothingchangeduntilfaced.com\/de\/#logo\",\"inLanguage\":\"de\",\"url\":\"https:\/\/nothingchangeduntilfaced.com\/wp-content\/uploads\/2020\/12\/nothing_og3.jpg\",\"width\":1200,\"height\":630,\"caption\":\"Nothing Changed Until Faced\"},\"image\":{\"@id\":\"https:\/\/nothingchangeduntilfaced.com\/de\/#logo\"}},{\"@type\":\"WebSite\",\"@id\":\"https:\/\/nothingchangeduntilfaced.com\/de\/#website\",\"url\":\"https:\/\/nothingchangeduntilfaced.com\/de\/\",\"name\":\"Nothing Changed Until Faced\",\"description\":\"\",\"publisher\":{\"@id\":\"https:\/\/nothingchangeduntilfaced.com\/de\/#organization\"},\"potentialAction\":[{\"@type\":\"SearchAction\",\"target\":\"https:\/\/nothingchangeduntilfaced.com\/de\/?s={search_term_string}\",\"query-input\":\"required name=search_term_string\"}],\"inLanguage\":\"de\"},{\"@type\":\"WebPage\",\"@id\":\"https:\/\/nothingchangeduntilfaced.com\/de\/sign-letter\/#webpage\",\"url\":\"https:\/\/nothingchangeduntilfaced.com\/de\/sign-letter\/\",\"name\":\"Sign Letter | Nothing Changed Until Faced\",\"isPartOf\":{\"@id\":\"https:\/\/nothingchangeduntilfaced.com\/de\/#website\"},\"datePublished\":\"2020-12-14T16:06:35+00:00\",\"dateModified\":\"2020-12-14T16:06:35+00:00\",\"inLanguage\":\"de\",\"potentialAction\":[{\"@type\":\"ReadAction\",\"target\":[\"https:\/\/nothingchangeduntilfaced.com\/de\/sign-letter\/\"]}]}]}<\/script>\n<!-- \/ Yoast SEO plugin. -->","_links":{"self":[{"href":"https:\/\/nothingchangeduntilfaced.com\/de\/wp-json\/wp\/v2\/pages\/79"}],"collection":[{"href":"https:\/\/nothingchangeduntilfaced.com\/de\/wp-json\/wp\/v2\/pages"}],"about":[{"href":"https:\/\/nothingchangeduntilfaced.com\/de\/wp-json\/wp\/v2\/types\/page"}],"author":[{"embeddable":true,"href":"https:\/\/nothingchangeduntilfaced.com\/de\/wp-json\/wp\/v2\/users\/1"}],"replies":[{"embeddable":true,"href":"https:\/\/nothingchangeduntilfaced.com\/de\/wp-json\/wp\/v2\/comments?post=79"}],"version-history":[{"count":0,"href":"https:\/\/nothingchangeduntilfaced.com\/de\/wp-json\/wp\/v2\/pages\/79\/revisions"}],"wp:attachment":[{"href":"https:\/\/nothingchangeduntilfaced.com\/de\/wp-json\/wp\/v2\/media?parent=79"}],"curies":[{"name":"wp","href":"https:\/\/api.w.org\/{rel}","templated":true}]}}