{"id":101,"date":"2020-12-14T21:24:21","date_gmt":"2020-12-14T21:24:21","guid":{"rendered":"https:\/\/nothingchangeduntilfaced.com\/?page_id=101"},"modified":"2020-12-14T21:36:54","modified_gmt":"2020-12-14T21:36:54","slug":"impressum","status":"publish","type":"page","link":"https:\/\/nothingchangeduntilfaced.com\/de\/impressum\/","title":{"rendered":"Impressum"},"content":{"rendered":"\n<p><strong>Impressum<\/strong><\/p>\n\n\n\n<p>Kontakt:&nbsp;<a href=\"mailto:nothingcanbechangeduntilitisfaced@gmx.de\" target=\"_blank\" rel=\"noreferrer noopener\">nothingcanbechangeduntilitisfaced@gmx.de<\/a><\/p>\n\n\n\n<p>Haftung: Die Inhalte dieser Webseite werden von den Mitgliedern das B\u00fcndnises nothingcanbechangeduntilitisfaced gemeinsam abgestimmt. Als Betreiber sind wir gem\u00e4\u00df \u00a7 7 Abs.1 TMG f\u00fcr eigene Inhalte auf diesen Seiten nach den allgemeinen Gesetzen verantwortlich. Nach \u00a7\u00a7 8 bis 10 TMG sind wir als Betreiber jedoch nicht verpflichtet, \u00fcbermittelte oder gespeicherte fremde Informationen zu \u00fcberwachen oder nach Umst\u00e4nden zu forschen, die auf eine rechtswidrige T\u00e4tigkeit hinweisen. Verpflichtungen zur Entfernung oder Sperrung der Nutzung von Informationen nach den allgemeinen Gesetzen bleiben hiervon unber\u00fchrt. Eine diesbez\u00fcgliche Haftung ist jedoch erst ab dem Zeitpunkt der Kenntnis einer konkreten Rechtsverletzung m\u00f6glich. Bei Bekanntwerden von entsprechenden Rechtsverletzungen werden wir diese Inhalte umgehend entfernen. Die Betreiber*innen und Domain-Inhaber*innen der Webseite \u00fcbernehmen keinerlei Haftung und Verantwortung f\u00fcr Inhalte, die sie nicht selbst auf dieser Webseite ver\u00f6ffentlicht haben.<\/p>\n","protected":false},"excerpt":{"rendered":"<p>Impressum Kontakt:&nbsp;nothingcanbechangeduntilitisfaced@gmx.de Haftung: Die Inhalte dieser Webseite werden von den Mitgliedern das B\u00fcndnises nothingcanbechangeduntilitisfaced gemeinsam abgestimmt. Als Betreiber sind wir gem\u00e4\u00df \u00a7 7 Abs.1 TMG f\u00fcr eigene Inhalte auf diesen Seiten nach den allgemeinen Gesetzen verantwortlich. Nach \u00a7\u00a7 8 bis 10 TMG sind wir als Betreiber jedoch nicht verpflichtet, \u00fcbermittelte oder gespeicherte fremde Informationen zu&hellip; <a class=\"more-link\" href=\"https:\/\/nothingchangeduntilfaced.com\/de\/impressum\/\"><span class=\"screen-reader-text\">Impressum<\/span> weiterlesen<\/a><\/p>\n","protected":false},"author":1,"featured_media":0,"parent":0,"menu_order":0,"comment_status":"closed","ping_status":"closed","template":"","meta":[],"yoast_head":"<!-- This site is optimized with the Yoast SEO plugin v15.5 - https:\/\/yoast.com\/wordpress\/plugins\/seo\/ -->\n<title>Impressum | Nothing Changed Until Faced<\/title>\n<meta name=\"robots\" content=\"index, follow, max-snippet:-1, max-image-preview:large, max-video-preview:-1\" \/>\n<link rel=\"canonical\" href=\"https:\/\/nothingchangeduntilfaced.com\/de\/impressum\/\" \/>\n<meta property=\"og:locale\" content=\"de_DE\" \/>\n<meta property=\"og:type\" content=\"article\" \/>\n<meta property=\"og:title\" content=\"Impressum | Nothing Changed Until Faced\" \/>\n<meta property=\"og:description\" content=\"Impressum Kontakt:&nbsp;nothingcanbechangeduntilitisfaced@gmx.de Haftung: Die Inhalte dieser Webseite werden von den Mitgliedern das B\u00fcndnises nothingcanbechangeduntilitisfaced gemeinsam abgestimmt. Als Betreiber sind wir gem\u00e4\u00df \u00a7 7 Abs.1 TMG f\u00fcr eigene Inhalte auf diesen Seiten nach den allgemeinen Gesetzen verantwortlich. Nach \u00a7\u00a7 8 bis 10 TMG sind wir als Betreiber jedoch nicht verpflichtet, \u00fcbermittelte oder gespeicherte fremde Informationen zu&hellip; Impressum weiterlesen\" \/>\n<meta property=\"og:url\" content=\"https:\/\/nothingchangeduntilfaced.com\/de\/impressum\/\" \/>\n<meta property=\"og:site_name\" content=\"Nothing Changed Until Faced\" \/>\n<meta property=\"article:modified_time\" content=\"2020-12-14T21:36:54+00:00\" \/>\n<meta property=\"og:image\" content=\"https:\/\/nothingchangeduntilfaced.com\/wp-content\/uploads\/2020\/12\/nothing_og1.jpg\" \/>\n\t<meta property=\"og:image:width\" content=\"1200\" \/>\n\t<meta property=\"og:image:height\" content=\"630\" \/>\n<meta name=\"twitter:card\" content=\"summary_large_image\" \/>\n<meta name=\"twitter:label1\" content=\"Gesch\u00e4tzte Lesezeit\">\n\t<meta name=\"twitter:data1\" content=\"1\u00a0Minute\">\n<script type=\"application\/ld+json\" class=\"yoast-schema-graph\">{\"@context\":\"https:\/\/schema.org\",\"@graph\":[{\"@type\":\"Organization\",\"@id\":\"https:\/\/nothingchangeduntilfaced.com\/de\/#organization\",\"name\":\"Nothing Changed Until Faced\",\"url\":\"https:\/\/nothingchangeduntilfaced.com\/de\/\",\"sameAs\":[],\"logo\":{\"@type\":\"ImageObject\",\"@id\":\"https:\/\/nothingchangeduntilfaced.com\/de\/#logo\",\"inLanguage\":\"de\",\"url\":\"https:\/\/nothingchangeduntilfaced.com\/wp-content\/uploads\/2020\/12\/nothing_og3.jpg\",\"width\":1200,\"height\":630,\"caption\":\"Nothing Changed Until Faced\"},\"image\":{\"@id\":\"https:\/\/nothingchangeduntilfaced.com\/de\/#logo\"}},{\"@type\":\"WebSite\",\"@id\":\"https:\/\/nothingchangeduntilfaced.com\/de\/#website\",\"url\":\"https:\/\/nothingchangeduntilfaced.com\/de\/\",\"name\":\"Nothing Changed Until Faced\",\"description\":\"\",\"publisher\":{\"@id\":\"https:\/\/nothingchangeduntilfaced.com\/de\/#organization\"},\"potentialAction\":[{\"@type\":\"SearchAction\",\"target\":\"https:\/\/nothingchangeduntilfaced.com\/de\/?s={search_term_string}\",\"query-input\":\"required name=search_term_string\"}],\"inLanguage\":\"de\"},{\"@type\":\"WebPage\",\"@id\":\"https:\/\/nothingchangeduntilfaced.com\/de\/impressum\/#webpage\",\"url\":\"https:\/\/nothingchangeduntilfaced.com\/de\/impressum\/\",\"name\":\"Impressum | Nothing Changed Until Faced\",\"isPartOf\":{\"@id\":\"https:\/\/nothingchangeduntilfaced.com\/de\/#website\"},\"datePublished\":\"2020-12-14T21:24:21+00:00\",\"dateModified\":\"2020-12-14T21:36:54+00:00\",\"inLanguage\":\"de\",\"potentialAction\":[{\"@type\":\"ReadAction\",\"target\":[\"https:\/\/nothingchangeduntilfaced.com\/de\/impressum\/\"]}]}]}<\/script>\n<!-- \/ Yoast SEO plugin. -->","_links":{"self":[{"href":"https:\/\/nothingchangeduntilfaced.com\/de\/wp-json\/wp\/v2\/pages\/101"}],"collection":[{"href":"https:\/\/nothingchangeduntilfaced.com\/de\/wp-json\/wp\/v2\/pages"}],"about":[{"href":"https:\/\/nothingchangeduntilfaced.com\/de\/wp-json\/wp\/v2\/types\/page"}],"author":[{"embeddable":true,"href":"https:\/\/nothingchangeduntilfaced.com\/de\/wp-json\/wp\/v2\/users\/1"}],"replies":[{"embeddable":true,"href":"https:\/\/nothingchangeduntilfaced.com\/de\/wp-json\/wp\/v2\/comments?post=101"}],"version-history":[{"count":0,"href":"https:\/\/nothingchangeduntilfaced.com\/de\/wp-json\/wp\/v2\/pages\/101\/revisions"}],"wp:attachment":[{"href":"https:\/\/nothingchangeduntilfaced.com\/de\/wp-json\/wp\/v2\/media?parent=101"}],"curies":[{"name":"wp","href":"https:\/\/api.w.org\/{rel}","templated":true}]}}